{"id":3,"date":"2025-01-24T01:50:31","date_gmt":"2025-01-24T04:50:31","guid":{"rendered":"https:\/\/mx.artereciclada.com.br\/?page_id=3"},"modified":"2025-03-24T21:17:39","modified_gmt":"2025-03-24T20:17:39","slug":"politica-de-privacidade","status":"publish","type":"page","link":"https:\/\/mx.artereciclada.com.br\/fr\/politica-de-privacidade\/","title":{"rendered":"Pol\u00edtica de Privacidad"},"content":{"rendered":"<p>Su privacidad es importante para nosotros. Es pol\u00edtica de <strong><strong>Mexico Arte<\/strong><\/strong> respetar su privacidad con respecto a cualquier informaci\u00f3n que podamos recopilar en el sitio web de <strong><strong>Mexico Arte<\/strong><\/strong> y otros sitios que poseemos y operamos.<\/p>\n\n\n\n<p>Solicitamos informaci\u00f3n personal solo cuando realmente la necesitamos para proporcionarle un servicio. Lo hacemos por medios justos y legales, con su conocimiento y consentimiento. Tambi\u00e9n le informamos sobre por qu\u00e9 estamos recopilando la informaci\u00f3n y c\u00f3mo ser\u00e1 utilizada.<\/p>\n\n\n\n<p>Solo retenemos la informaci\u00f3n recopilada durante el tiempo necesario para proporcionar el servicio solicitado. Cuando almacenamos datos, los protegemos dentro de medios comercialmente aceptables para evitar p\u00e9rdidas, robos, acceso no autorizado, divulgaci\u00f3n, copias, uso o modificaciones no autorizadas.<\/p>\n\n\n\n<p>No compartimos informaci\u00f3n de identificaci\u00f3n personal p\u00fablicamente ni con terceros, excepto cuando lo exija la ley.<\/p>\n\n\n\n<p>Nuestro sitio web puede tener enlaces a sitios externos que no son operados por nosotros. Tenga en cuenta que no tenemos control sobre el contenido y las pr\u00e1cticas de esos sitios y no podemos aceptar responsabilidad por sus respectivas pol\u00edticas de privacidad.<\/p>\n\n\n\n<p>Usted es libre de rechazar nuestra solicitud de informaci\u00f3n personal, entendiendo que es posible que no podamos proporcionarle algunos de los servicios solicitados.<\/p>\n\n\n\n<p>El uso continuado de nuestro sitio ser\u00e1 considerado como aceptaci\u00f3n de nuestras pr\u00e1cticas en torno a la privacidad y la informaci\u00f3n personal. Si tiene alguna pregunta sobre c\u00f3mo manejamos los datos del usuario e informaci\u00f3n personal, p\u00f3ngase en contacto con nosotros.<\/p>\n\n\n\n<h2 class=\"wp-block-heading\"><strong>Google AdSense<\/strong><\/h2>\n\n\n\n<p>El servicio de Google AdSense que utilizamos para mostrar publicidad usa una cookie DoubleClick para mostrar anuncios m\u00e1s relevantes en toda la web y limitar el n\u00famero de veces que se muestra un determinado anuncio.<br>Para obtener m\u00e1s informaci\u00f3n sobre Google AdSense, consulte las preguntas frecuentes oficiales sobre la privacidad de Google AdSense.<\/p>\n\n\n\n<p><br>Utilizamos anuncios para compensar los costos de funcionamiento de este sitio y financiar desarrollos futuros. Las cookies de publicidad comportamental utilizadas por este sitio est\u00e1n dise\u00f1adas para garantizar que se muestren los anuncios m\u00e1s relevantes siempre que sea posible, rastreando de manera an\u00f3nima sus intereses y presentando contenido similar que pueda interesarle.<\/p>\n\n\n\n<p><br>Varios socios anuncian en nuestro nombre, y las cookies de seguimiento de afiliados nos permiten ver si nuestros clientes accedieron al sitio a trav\u00e9s de uno de los sitios de nuestros socios, para poder acreditarlos adecuadamente y, cuando corresponda, permitir que nuestros socios afiliados ofrezcan promociones para realizar una compra.<\/p>\n\n\n\n<h2 class=\"wp-block-heading\"><strong>Compromiso del Usuario<\/strong><\/h2>\n\n\n\n<p>El usuario se compromete a hacer un uso adecuado de los contenidos y la informaci\u00f3n que <strong><strong>Mexico Arte<\/strong><\/strong> ofrece en el sitio y, a modo enunciativo, pero no limitativo:<\/p>\n\n\n\n<p>A) No participar en actividades ilegales o contrarias a la buena fe y al orden p\u00fablico;<br>B) No difundir propaganda o contenido de naturaleza racista, xen\u00f3foba, de apuestas o azar, cualquier tipo de pornograf\u00eda ilegal, apolog\u00eda del terrorismo o contra los derechos humanos;<br>C) No causar da\u00f1os a los sistemas f\u00edsicos (hardware) y l\u00f3gicos (software) de <strong><strong>Mexico Arte<\/strong><\/strong>, sus proveedores o terceros, ni introducir o difundir virus inform\u00e1ticos o cualquier otro sistema de hardware o software que sea capaz de causar los da\u00f1os mencionados anteriormente.<\/p>\n\n\n\n<h2 class=\"wp-block-heading\"><strong>M\u00e1s Informaci\u00f3n<\/strong><\/h2>\n\n\n\n<p>Esperamos que esto haya quedado claro y, como se mencion\u00f3 anteriormente, si hay algo sobre lo que no est\u00e1 seguro de si necesita o no, generalmente es m\u00e1s seguro dejar las cookies activadas, en caso de que interact\u00fae con alguno de los recursos que utiliza en nuestro sitio.<\/p>\n\n\n\n<p>Esta pol\u00edtica es efectiva a partir del 18 de marzo de 2025, 17:35.<\/p>\n\n\n\n<p><\/p>","protected":false},"excerpt":{"rendered":"<p>Su privacidad es importante para nosotros. Es pol\u00edtica de Mexico Arte respetar su privacidad con respecto a cualquier informaci\u00f3n que podamos recopilar en el sitio web de Mexico Arte y otros sitios que poseemos y operamos. Solicitamos informaci\u00f3n personal solo cuando realmente la necesitamos para proporcionarle un servicio. Lo hacemos por medios justos y legales, [&hellip;]<\/p>","protected":false},"author":1,"featured_media":61,"parent":0,"menu_order":0,"comment_status":"closed","ping_status":"open","template":"","meta":{"footnotes":""},"class_list":["post-3","page","type-page","status-publish","has-post-thumbnail","hentry"],"blocksy_meta":[],"_links":{"self":[{"href":"https:\/\/mx.artereciclada.com.br\/fr\/wp-json\/wp\/v2\/pages\/3","targetHints":{"allow":["GET"]}}],"collection":[{"href":"https:\/\/mx.artereciclada.com.br\/fr\/wp-json\/wp\/v2\/pages"}],"about":[{"href":"https:\/\/mx.artereciclada.com.br\/fr\/wp-json\/wp\/v2\/types\/page"}],"author":[{"embeddable":true,"href":"https:\/\/mx.artereciclada.com.br\/fr\/wp-json\/wp\/v2\/users\/1"}],"replies":[{"embeddable":true,"href":"https:\/\/mx.artereciclada.com.br\/fr\/wp-json\/wp\/v2\/comments?post=3"}],"version-history":[{"count":3,"href":"https:\/\/mx.artereciclada.com.br\/fr\/wp-json\/wp\/v2\/pages\/3\/revisions"}],"predecessor-version":[{"id":223,"href":"https:\/\/mx.artereciclada.com.br\/fr\/wp-json\/wp\/v2\/pages\/3\/revisions\/223"}],"wp:featuredmedia":[{"embeddable":true,"href":"https:\/\/mx.artereciclada.com.br\/fr\/wp-json\/wp\/v2\/media\/61"}],"wp:attachment":[{"href":"https:\/\/mx.artereciclada.com.br\/fr\/wp-json\/wp\/v2\/media?parent=3"}],"curies":[{"name":"wp","href":"https:\/\/api.w.org\/{rel}","templated":true}]}}