{"id":28,"date":"2025-01-31T07:59:31","date_gmt":"2025-01-31T13:59:31","guid":{"rendered":"https:\/\/mx.artereciclada.com.br\/?page_id=28"},"modified":"2025-03-18T18:14:28","modified_gmt":"2025-03-18T17:14:28","slug":"contact-us","status":"publish","type":"page","link":"https:\/\/mx.artereciclada.com.br\/es\/contact-us\/","title":{"rendered":"Cont\u00e1ctanos"},"content":{"rendered":"<p>\u00a1Hola! \ud83d\ude0a \u00bfNecesitas ponerte en contacto con nosotros? Estamos aqu\u00ed para ayudarte. Cont\u00e1ctanos a trav\u00e9s de nuestros canales:<\/p>\n\n\n\n<p><strong>Correo electr\u00f3nico<\/strong>: <a href=\"mailto:contato@artereciclada.com.br\" data-type=\"mailto\" data-id=\"mailto:contato@artereciclada.com.br\">contato@artereciclada.com.br<\/a><\/p>\n\n\n\n<p><strong>Horario de atenci\u00f3n<\/strong>: Lunes a Viernes, de 8 AM a 5 PM.<\/p>\n\n\n\n<p>Env\u00edanos tu mensaje y responderemos lo antes posible. \u00a1Juntos podemos hacer una diferencia en el mundo de la moda y belleza para mujeres maduras! \ud83d\udc85\u2728<\/p>\n\n\n\n<hr class=\"wp-block-separator has-alpha-channel-opacity\"\/>\n\n\n\n<p><strong>Vis\u00edtanos<\/strong>: <a href=\"https:\/\/mx.artereciclada.com.br\/es\/\">https:\/\/mx.artereciclada.com.br\/<\/a><\/p>\n\n\n\n<p><\/p>","protected":false},"excerpt":{"rendered":"<p>\u00a1Hola! \ud83d\ude0a \u00bfNecesitas ponerte en contacto con nosotros? Estamos aqu\u00ed para ayudarte. Cont\u00e1ctanos a trav\u00e9s de nuestros canales: Correo electr\u00f3nico: contato@artereciclada.com.br Horario de atenci\u00f3n: Lunes a Viernes, de 8 AM a 5 PM. Env\u00edanos tu mensaje y responderemos lo antes posible. \u00a1Juntos podemos hacer una diferencia en el mundo de la moda y belleza para [&hellip;]<\/p>","protected":false},"author":3,"featured_media":61,"parent":0,"menu_order":0,"comment_status":"closed","ping_status":"closed","template":"","meta":{"footnotes":""},"class_list":["post-28","page","type-page","status-publish","has-post-thumbnail","hentry"],"blocksy_meta":[],"_links":{"self":[{"href":"https:\/\/mx.artereciclada.com.br\/es\/wp-json\/wp\/v2\/pages\/28","targetHints":{"allow":["GET"]}}],"collection":[{"href":"https:\/\/mx.artereciclada.com.br\/es\/wp-json\/wp\/v2\/pages"}],"about":[{"href":"https:\/\/mx.artereciclada.com.br\/es\/wp-json\/wp\/v2\/types\/page"}],"author":[{"embeddable":true,"href":"https:\/\/mx.artereciclada.com.br\/es\/wp-json\/wp\/v2\/users\/3"}],"replies":[{"embeddable":true,"href":"https:\/\/mx.artereciclada.com.br\/es\/wp-json\/wp\/v2\/comments?post=28"}],"version-history":[{"count":2,"href":"https:\/\/mx.artereciclada.com.br\/es\/wp-json\/wp\/v2\/pages\/28\/revisions"}],"predecessor-version":[{"id":203,"href":"https:\/\/mx.artereciclada.com.br\/es\/wp-json\/wp\/v2\/pages\/28\/revisions\/203"}],"wp:featuredmedia":[{"embeddable":true,"href":"https:\/\/mx.artereciclada.com.br\/es\/wp-json\/wp\/v2\/media\/61"}],"wp:attachment":[{"href":"https:\/\/mx.artereciclada.com.br\/es\/wp-json\/wp\/v2\/media?parent=28"}],"curies":[{"name":"wp","href":"https:\/\/api.w.org\/{rel}","templated":true}]}}