{"id":30,"date":"2025-01-31T08:02:13","date_gmt":"2025-01-31T14:02:13","guid":{"rendered":"https:\/\/mx.artereciclada.com.br\/?page_id=30"},"modified":"2025-03-24T21:17:52","modified_gmt":"2025-03-24T20:17:52","slug":"cookie-policy","status":"publish","type":"page","link":"https:\/\/mx.artereciclada.com.br\/en_gb\/cookie-policy\/","title":{"rendered":"Pol\u00edtica de Cookies"},"content":{"rendered":"<p>Bienvenida a <strong><strong>Mexico Arte<\/strong><\/strong>. Esta Pol\u00edtica de Cookies describe c\u00f3mo utilizamos las cookies y tecnolog\u00edas similares en el sitio web <strong>mx.artereciclada.com.br<\/strong> (en adelante, el &#8220;Sitio&#8221;). Estamos comprometidos a proteger tu privacidad y a garantizar la transparencia sobre el uso de cookies, de acuerdo con la Ley General de Protecci\u00f3n de Datos (LGPD &#8211; Ley N\u00b0 13.709\/2018).<\/p>\n\n\n\n<h2 class=\"wp-block-heading\"><strong>1. \u00bfQu\u00e9 Son las Cookies?<\/strong><\/h2>\n\n\n\n<p>Las <strong>cookies<\/strong> son peque\u00f1os archivos de texto que se almacenan en tu dispositivo (computadora, tableta, smartphone) cuando visitas un sitio web. Se utilizan ampliamente para que los sitios web funcionen de manera m\u00e1s eficiente, as\u00ed como para proporcionar informaci\u00f3n a los propietarios del sitio.<\/p>\n\n\n\n<h2 class=\"wp-block-heading\"><strong>2. \u00bfC\u00f3mo Usamos las Cookies?<\/strong><\/h2>\n\n\n\n<p>Utilizamos cookies para varios fines, incluyendo:<\/p>\n\n\n\n<ul class=\"wp-block-list\">\n<li><strong>Autenticaci\u00f3n y Seguridad<\/strong>: Asegurarnos de que tengas acceso seguro al Sitio y sus funciones.<\/li>\n\n\n\n<li><strong>An\u00e1lisis y Mejora<\/strong>: Entender c\u00f3mo los usuarios interact\u00faan con el Sitio para mejorar su usabilidad y contenido.<\/li>\n\n\n\n<li><strong>Personalizaci\u00f3n<\/strong>: Adaptar el contenido y las ofertas seg\u00fan tus preferencias y comportamientos de navegaci\u00f3n.<\/li>\n\n\n\n<li><strong>Publicidad<\/strong>: Mostrar anuncios relevantes y personalizados, as\u00ed como medir la efectividad de las campa\u00f1as publicitarias.<\/li>\n<\/ul>\n\n\n\n<h2 class=\"wp-block-heading\"><strong>3. Tipos de Cookies que Utilizamos<\/strong><\/h2>\n\n\n\n<h3 class=\"wp-block-heading\"><strong>3.1 Cookies Esenciales<\/strong><\/h3>\n\n\n\n<p>Estas cookies son necesarias para el funcionamiento b\u00e1sico del Sitio. Te permiten navegar por el Sitio y utilizar sus funciones, como el acceso a \u00e1reas seguras. Sin estas cookies, algunos servicios ofrecidos en el Sitio no pueden ser proporcionados.<\/p>\n\n\n\n<p><strong>Ejemplos de Uso:<\/strong><\/p>\n\n\n\n<ul class=\"wp-block-list\">\n<li>Mantener tu sesi\u00f3n de inicio activa.<\/li>\n\n\n\n<li>Recordar tus preferencias de idioma.<\/li>\n<\/ul>\n\n\n\n<h3 class=\"wp-block-heading\"><strong>3.2 Cookies de Rendimiento<\/strong><\/h3>\n\n\n\n<p>Las cookies de rendimiento recogen informaci\u00f3n sobre c\u00f3mo usas el Sitio, como las p\u00e1ginas que visitas con m\u00e1s frecuencia y si recibes mensajes de error de las p\u00e1ginas web. Estas cookies no recogen informaci\u00f3n que identifique a un visitante. Toda la informaci\u00f3n recopilada por estas cookies es agregada y, por lo tanto, an\u00f3nima. Se utiliza \u00fanicamente para mejorar el funcionamiento del Sitio.<\/p>\n\n\n\n<p><strong>Ejemplos de Uso:<\/strong><\/p>\n\n\n\n<ul class=\"wp-block-list\">\n<li>Analizar el tr\u00e1fico del Sitio.<\/li>\n\n\n\n<li>Identificar \u00e1reas del Sitio que necesitan mejoras.<\/li>\n<\/ul>\n\n\n\n<h3 class=\"wp-block-heading\"><strong>3.3 Cookies de Funcionalidad<\/strong><\/h3>\n\n\n\n<p>Estas cookies permiten que el Sitio recuerde las elecciones que haces (como tu nombre de usuario, idioma o la regi\u00f3n en la que te encuentras) y te brinden caracter\u00edsticas mejoradas y m\u00e1s personalizadas. Esta informaci\u00f3n puede usarse para recordar tus preferencias en futuras visitas al Sitio.<\/p>\n\n\n\n<p><strong>Ejemplos de Uso:<\/strong><\/p>\n\n\n\n<ul class=\"wp-block-list\">\n<li>Guardar tus preferencias de visualizaci\u00f3n.<\/li>\n\n\n\n<li>Personalizar el contenido mostrado seg\u00fan tus elecciones anteriores.<\/li>\n<\/ul>\n\n\n\n<h3 class=\"wp-block-heading\"><strong>3.4 Cookies de Publicidad<\/strong><\/h3>\n\n\n\n<p>Las cookies de publicidad se utilizan para mostrar anuncios m\u00e1s relevantes para ti y tus intereses. Tambi\u00e9n se utilizan para limitar la cantidad de veces que ves un anuncio y para medir la efectividad de las campa\u00f1as publicitarias.<\/p>\n\n\n\n<p><strong>Ejemplos de Uso:<\/strong><\/p>\n\n\n\n<ul class=\"wp-block-list\">\n<li>Mostrar anuncios basados en tus intereses.<\/li>\n\n\n\n<li>Controlar la frecuencia con la que se muestra un anuncio espec\u00edfico.<\/li>\n<\/ul>\n\n\n\n<h2 class=\"wp-block-heading\"><strong>4. C\u00f3mo Usamos las Cookies<\/strong><\/h2>\n\n\n\n<ul class=\"wp-block-list\">\n<li><strong>Autenticaci\u00f3n y Seguridad<\/strong>: Asegurarnos de que tengas acceso seguro al Sitio y sus funciones.<\/li>\n\n\n\n<li><strong>An\u00e1lisis y Mejora<\/strong>: Entender c\u00f3mo los usuarios interact\u00faan con el Sitio para mejorar su usabilidad y contenido.<\/li>\n\n\n\n<li><strong>Personalizaci\u00f3n<\/strong>: Adaptar el contenido y las ofertas seg\u00fan tus preferencias y comportamientos de navegaci\u00f3n.<\/li>\n\n\n\n<li><strong>Publicidad<\/strong>: Mostrar anuncios relevantes y personalizados, as\u00ed como medir la efectividad de las campa\u00f1as publicitarias.<\/li>\n<\/ul>\n\n\n\n<h2 class=\"wp-block-heading\"><strong>5. Gesti\u00f3n de Cookies<\/strong><\/h2>\n\n\n\n<p>Los usuarios tienen la libertad de bloquear o deshabilitar las cookies en cualquier sitio web, incluido el nuestro, en cualquier momento ajustando la configuraci\u00f3n de su navegador de internet.<\/p>\n\n\n\n<h3 class=\"wp-block-heading\"><strong>5.1 C\u00f3mo Bloquear las Cookies<\/strong><\/h3>\n\n\n\n<p>Aqu\u00ed est\u00e1n los enlaces a las gu\u00edas de ayuda de los navegadores principales, que pueden asistirte con este procedimiento:<\/p>\n\n\n\n<ul class=\"wp-block-list\">\n<li><strong><a href=\"https:\/\/support.microsoft.com\/es-es\" data-type=\"link\" data-id=\"https:\/\/support.microsoft.com\/es-es\" target=\"_blank\" rel=\"noopener\">Microsoft Edge<\/a><\/strong><\/li>\n\n\n\n<li><strong><a href=\"https:\/\/support.mozilla.org\/es\/\" data-type=\"link\" data-id=\"https:\/\/support.mozilla.org\/es\/\" target=\"_blank\" rel=\"noopener\">Mozilla Firefox<\/a><\/strong><\/li>\n\n\n\n<li><strong><a href=\"https:\/\/support.google.com\/chrome#topic=7439538\" data-type=\"link\" data-id=\"https:\/\/support.google.com\/chrome#topic=7439538\" target=\"_blank\" rel=\"noopener\">Google Chrome<\/a><\/strong><\/li>\n\n\n\n<li><strong><a href=\"https:\/\/help.opera.com\/en\/latest\/\" data-type=\"link\" data-id=\"https:\/\/help.opera.com\/en\/latest\/\" target=\"_blank\" rel=\"noopener\">Opera<\/a><\/strong><\/li>\n\n\n\n<li><strong><a href=\"https:\/\/support.apple.com\/pt-br\/guide\/safari\/sfri11471\/mac\" data-type=\"link\" data-id=\"https:\/\/support.apple.com\/pt-br\/guide\/safari\/sfri11471\/mac\" target=\"_blank\" rel=\"noopener\">Safari<\/a><\/strong><\/li>\n<\/ul>\n\n\n\n<h3 class=\"wp-block-heading\"><strong>5.2 Desactivar Publicidad Personalizada<\/strong><\/h3>\n\n\n\n<p>Si deseas desactivar los anuncios personalizados proporcionados por Google, puedes cambiar tu configuraci\u00f3n en la Configuraci\u00f3n de Anuncios de Google.<\/p>\n\n\n\n<p>Para desactivar la publicidad personalizada de terceros, visita <strong><a href=\"http:\/\/www.aboutads.info\" target=\"_blank\" rel=\"noopener\">www.aboutads.info<\/a><\/strong>, donde encontrar\u00e1s orientaci\u00f3n sobre c\u00f3mo gestionar tus preferencias de anuncios en diversas plataformas.<\/p>\n\n\n\n<p><strong>Pasos para Desactivar los Anuncios Personalizados:<\/strong><\/p>\n\n\n\n<p><strong>En Google:<\/strong><\/p>\n\n\n\n<ul class=\"wp-block-list\">\n<li>Ve a <strong>Configuraci\u00f3n de Anuncios de Google<\/strong>.<\/li>\n\n\n\n<li>Desactiva la opci\u00f3n &#8220;Personalizaci\u00f3n de Anuncios&#8221;.<\/li>\n<\/ul>\n\n\n\n<p><strong>Con Terceros:<\/strong><\/p>\n\n\n\n<ul class=\"wp-block-list\">\n<li>Visita <strong><a href=\"http:\/\/www.aboutads.info\" target=\"_blank\" rel=\"noopener\">www.aboutads.info<\/a><\/strong>.<\/li>\n\n\n\n<li>Sigue las instrucciones para gestionar tus preferencias de anuncios en diversas plataformas y dispositivos.<\/li>\n<\/ul>\n\n\n\n<h2 class=\"wp-block-heading\"><strong>6. Consentimiento<\/strong><\/h2>\n\n\n\n<p>Al usar nuestro Sitio, aceptas el uso de cookies seg\u00fan lo descrito en esta Pol\u00edtica de Cookies. Si no est\u00e1s de acuerdo con el uso de ciertos tipos de cookies, puedes ajustar la configuraci\u00f3n de tus cookies seg\u00fan las instrucciones proporcionadas anteriormente. Sin embargo, ten en cuenta que desactivar algunas cookies puede afectar tu experiencia en el Sitio y limitar el acceso a ciertas funciones.<\/p>\n\n\n\n<h2 class=\"wp-block-heading\"><strong>7. Actualizaciones de la Pol\u00edtica de Cookies<\/strong><\/h2>\n\n\n\n<p>Podemos actualizar esta Pol\u00edtica de Cookies de vez en cuando para reflejar cambios en nuestras pr\u00e1cticas o por razones legales. Cuando hagamos cambios, actualizaremos la fecha de &#8220;\u00daltima Actualizaci\u00f3n&#8221; al final de esta pol\u00edtica y publicaremos la versi\u00f3n revisada en el Sitio. Te recomendamos que revises esta Pol\u00edtica de Cookies peri\u00f3dicamente para mantenerte informada sobre c\u00f3mo usamos las cookies.<\/p>\n\n\n\n<h2 class=\"wp-block-heading\"><strong>8. Servicios de Terceros<\/strong><\/h2>\n\n\n\n<p>Podemos utilizar servicios de terceros para proporcionar funcionalidades adicionales al Sitio, como procesamiento de pagos, an\u00e1lisis de datos y alojamiento de contenido. Estos terceros pueden tener acceso a tu informaci\u00f3n personal \u00fanicamente para realizar estas tareas en nuestro nombre y est\u00e1n obligados a proteger dicha informaci\u00f3n de acuerdo con esta Pol\u00edtica de Privacidad y la LGPD.<\/p>\n\n\n\n<h2 class=\"wp-block-heading\"><strong>9. Privacidad de los Ni\u00f1os<\/strong><\/h2>\n\n\n\n<p>Nuestro Sitio no est\u00e1 dirigido a ni\u00f1os menores de 18 a\u00f1os. No recopilamos conscientemente informaci\u00f3n personal de ni\u00f1os. Si nos damos cuenta de que hemos recopilado informaci\u00f3n personal de un ni\u00f1o, tomaremos medidas para eliminar dicha informaci\u00f3n de inmediato.<\/p>\n\n\n\n<h2 class=\"wp-block-heading\"><strong>10. Contacto<\/strong><\/h2>\n\n\n\n<p>Si tienes alguna pregunta sobre esta Pol\u00edtica de Cookies, no dudes en contactarnos por correo electr\u00f3nico a <a href=\"mailto:contato@artereciclada.com.br\" data-type=\"mailto\" data-id=\"mailto:contato@artereciclada.com.br\">contato@artereciclada.com.br<\/a>.<\/p>\n\n\n\n<p>\u00daltima actualizaci\u00f3n: 18 de marzo de 2025<\/p>\n\n\n\n<p><\/p>","protected":false},"excerpt":{"rendered":"<p>Bienvenida a Mexico Arte. Esta Pol\u00edtica de Cookies describe c\u00f3mo utilizamos las cookies y tecnolog\u00edas similares en el sitio web mx.artereciclada.com.br (en adelante, el &#8220;Sitio&#8221;). Estamos comprometidos a proteger tu privacidad y a garantizar la transparencia sobre el uso de cookies, de acuerdo con la Ley General de Protecci\u00f3n de Datos (LGPD &#8211; Ley N\u00b0 [&hellip;]<\/p>","protected":false},"author":3,"featured_media":61,"parent":0,"menu_order":0,"comment_status":"closed","ping_status":"closed","template":"","meta":{"footnotes":""},"class_list":["post-30","page","type-page","status-publish","has-post-thumbnail","hentry"],"blocksy_meta":[],"_links":{"self":[{"href":"https:\/\/mx.artereciclada.com.br\/en_gb\/wp-json\/wp\/v2\/pages\/30","targetHints":{"allow":["GET"]}}],"collection":[{"href":"https:\/\/mx.artereciclada.com.br\/en_gb\/wp-json\/wp\/v2\/pages"}],"about":[{"href":"https:\/\/mx.artereciclada.com.br\/en_gb\/wp-json\/wp\/v2\/types\/page"}],"author":[{"embeddable":true,"href":"https:\/\/mx.artereciclada.com.br\/en_gb\/wp-json\/wp\/v2\/users\/3"}],"replies":[{"embeddable":true,"href":"https:\/\/mx.artereciclada.com.br\/en_gb\/wp-json\/wp\/v2\/comments?post=30"}],"version-history":[{"count":3,"href":"https:\/\/mx.artereciclada.com.br\/en_gb\/wp-json\/wp\/v2\/pages\/30\/revisions"}],"predecessor-version":[{"id":224,"href":"https:\/\/mx.artereciclada.com.br\/en_gb\/wp-json\/wp\/v2\/pages\/30\/revisions\/224"}],"wp:featuredmedia":[{"embeddable":true,"href":"https:\/\/mx.artereciclada.com.br\/en_gb\/wp-json\/wp\/v2\/media\/61"}],"wp:attachment":[{"href":"https:\/\/mx.artereciclada.com.br\/en_gb\/wp-json\/wp\/v2\/media?parent=30"}],"curies":[{"name":"wp","href":"https:\/\/api.w.org\/{rel}","templated":true}]}}